{"id":881,"date":"2026-02-11T19:13:58","date_gmt":"2026-02-11T18:13:58","guid":{"rendered":"https:\/\/www.acat.cat\/aviso-legal\/"},"modified":"2026-03-18T12:49:01","modified_gmt":"2026-03-18T11:49:01","slug":"aviso-legal","status":"publish","type":"page","link":"https:\/\/www.acat.cat\/es\/aviso-legal\/","title":{"rendered":"Aviso legal"},"content":{"rendered":"\t\t<div data-elementor-type=\"wp-page\" data-elementor-id=\"881\" class=\"elementor elementor-881 elementor-403\" data-elementor-post-type=\"page\">\n\t\t\t\t<div class=\"elementor-element elementor-element-ab14e73 e-flex e-con-boxed e-con e-parent\" data-id=\"ab14e73\" data-element_type=\"container\" data-e-type=\"container\" data-settings=\"{&quot;background_background&quot;:&quot;classic&quot;}\">\n\t\t\t\t\t<div class=\"e-con-inner\">\n\t\t<div class=\"elementor-element elementor-element-cdde7d4 e-con-full e-flex e-con e-child\" data-id=\"cdde7d4\" data-element_type=\"container\" data-e-type=\"container\">\n\t\t\t\t<div class=\"elementor-element elementor-element-9484df2 elementor-widget elementor-widget-heading\" data-id=\"9484df2\" data-element_type=\"widget\" data-e-type=\"widget\" data-widget_type=\"heading.default\">\n\t\t\t\t\t<h1 class=\"elementor-heading-title elementor-size-default\">Aviso legal<\/h1>\t\t\t\t<\/div>\n\t\t\t\t<div class=\"elementor-element elementor-element-f5bbb90 elementor-icon-list--layout-inline elementor-align-center elementor-list-item-link-full_width elementor-widget elementor-widget-icon-list\" data-id=\"f5bbb90\" data-element_type=\"widget\" data-e-type=\"widget\" data-widget_type=\"icon-list.default\">\n\t\t\t\t\t\t\t<ul class=\"elementor-icon-list-items elementor-inline-items\">\n\t\t\t\t\t\t\t<li class=\"elementor-icon-list-item elementor-inline-item\">\n\t\t\t\t\t\t\t\t\t\t\t<a href=\"https:\/\/www.acat.cat\/es\/\">\n\n\t\t\t\t\t\t\t\t\t\t\t<span class=\"elementor-icon-list-text\">Home<\/span>\n\t\t\t\t\t\t\t\t\t\t\t<\/a>\n\t\t\t\t\t\t\t\t\t<\/li>\n\t\t\t\t\t\t\t\t<li class=\"elementor-icon-list-item elementor-inline-item\">\n\t\t\t\t\t\t\t\t\t\t\t<span class=\"elementor-icon-list-icon\">\n\t\t\t\t\t\t\t<svg aria-hidden=\"true\" class=\"e-font-icon-svg e-fas-chevron-right\" viewBox=\"0 0 320 512\" xmlns=\"http:\/\/www.w3.org\/2000\/svg\"><path d=\"M285.476 272.971L91.132 467.314c-9.373 9.373-24.569 9.373-33.941 0l-22.667-22.667c-9.357-9.357-9.375-24.522-.04-33.901L188.505 256 34.484 101.255c-9.335-9.379-9.317-24.544.04-33.901l22.667-22.667c9.373-9.373 24.569-9.373 33.941 0L285.475 239.03c9.373 9.372 9.373 24.568.001 33.941z\"><\/path><\/svg>\t\t\t\t\t\t<\/span>\n\t\t\t\t\t\t\t\t\t\t<span class=\"elementor-icon-list-text\">Aviso legal<\/span>\n\t\t\t\t\t\t\t\t\t<\/li>\n\t\t\t\t\t\t<\/ul>\n\t\t\t\t\t\t<\/div>\n\t\t\t\t<\/div>\n\t\t\t\t\t<\/div>\n\t\t\t\t<\/div>\n\t\t<div class=\"elementor-element elementor-element-0f77226 e-flex e-con-boxed e-con e-parent\" data-id=\"0f77226\" data-element_type=\"container\" data-e-type=\"container\">\n\t\t\t\t\t<div class=\"e-con-inner\">\n\t\t\t\t<div class=\"elementor-element elementor-element-706010d elementor-widget elementor-widget-text-editor\" data-id=\"706010d\" data-element_type=\"widget\" data-e-type=\"widget\" data-widget_type=\"text-editor.default\">\n\t\t\t\t\t\t\t\t\t<h3>1. Datos identificativos<\/h3>\n<p>En cumplimiento del deber de informaci\u00f3n establecido a la Ley 34\/2002, de 11 de julio, de servicios de la sociedad de la informaci\u00f3n y de e-commerce (LSSICE), se informa que el presente sitio web es titularidad de:<\/p>\n<p><strong>Asociaci\u00f3n Catalana de An\u00e1lisis Transaccional (ACAT)<\/strong><br><strong>NIF:<\/strong> G61836565<br><strong>Direcci\u00f3n<\/strong> C\/ Mallorca, 339 Despatx 1, 08037 Barcelona<br><strong>Tel\u00e9fono:<\/strong> +34 650 85 88 83<br><strong>Correo electr\u00f3nic:<\/strong> <a href=\"mailto:info@acat.cat\">info@acat.cat<\/a><br><strong>Web:<\/strong> <a href=\"https:\/\/www.acat.cat\/es\/\" target=\"_blank\" rel=\"noopener\">www.acat.cat<\/a><\/p>\n<h3>2. Objecto<\/h3>\n<p>El presente Aviso legal regula el acceso, navegaci\u00f3n y uso del sitio web <a href=\"https:\/\/www.acat.cat\/es\/\" target=\"_blank\" rel=\"noopener\">www.acat.cat<\/a>, as\u00ed como las responsabilidades derivadas del uso de sus contenidos (entendiendo por \u201ccontenidos\u201d los textos, gr\u00e1ficos, dibujos, dise\u00f1os, c\u00f3digo, software, fotograf\u00edas, m\u00fasica, videos, sonidos, bases de datos, im\u00e1genes, expresiones e informaci\u00f3n, as\u00ed como cualquier otra creaci\u00f3n protegida por las leyes nacionales y tratados internacionales sobre propiedad intelectual e industrial).<\/p>\n<p>El acceso y uso de este sitio web atribuye la condici\u00f3n de usuario e implica la aceptaci\u00f3n llena y sin reservas de todas las disposiciones incluidas en este Aviso legal, vigentes en el momento en que el usuario accede.<\/p>\n<h3>3. Condiciones de uso<\/h3>\n<p>El usuario se compromete a hacer un uso adecuado del sitio web y de sus contenidos, de conformidad con la legislaci\u00f3n vigente, la buena fe, el orden p\u00fablico, los usos del tr\u00e1fico y el presente Aviso legal. En particular, el usuario se compromete a no utilizar el sitio web con fines il\u00edcitas o perjudiciales, ni que puedan causar da\u00f1os o impedir el funcionamiento normal del sitio web. <\/p>\n<h3>4. Propiedad intelectual e industrial<\/h3>\n<p>Todos los contenidos del sitio web, incluyendo, en t\u00edtulo enunciativo pero no limitativo, textos, im\u00e1genes, dise\u00f1o gr\u00e1fico, logotipos, iconos, botones, software, nombres comerciales, marcas o cualquier otro signo susceptible de utilizaci\u00f3n industrial y comercial, est\u00e1n sujetas a derechos de propiedad intelectual e industrial titularidad de ACAT o, si procede, de terceros que han autorizado el uso.<\/p>\n<p>Queda prohibida la reproducci\u00f3n, distribuci\u00f3n, comunicaci\u00f3n p\u00fablica, transformaci\u00f3n o cualquier otra forma de explotaci\u00f3n, total o parcial, de los contenidos del sitio web sin la autorizaci\u00f3n previa y expr\u00e9s del titular de los derechos.<\/p>\n<h3>5. Responsabilidad<\/h3>\n<p>ACAT no garantiza la inexistencia de interrupciones o errores en el acceso al sitio web o en sus contenidos, ni que estos se encuentren actualizados. Aun as\u00ed, ACAT llevar\u00e1 a cabo las actuaciones necesarias para corregir posibles errores, interrupciones o carencia de actualizaci\u00f3n, cuando tenga conocimiento.. Responsabilidad <\/p>\n<p>ACAT no se hace responsable de los da\u00f1os y perjuicios de cualquier naturaleza que pudieran derivarse de:<\/p>\n<ul>\n<li>La carencia de disponibilidad o continuidad del funcionamiento del sitio web.<\/li>\n<li>La existencia de virus o programas nocivos en los contenidos.<\/li>\n<li>El uso il\u00edcito, negligente, fraudulento o contrario a este Aviso legal.<\/li>\n<li>La falta de licitud, calidad, fiabilidad, utilidad y disponibilidad de los servicios prestados por terceros y ademanes a disposici\u00f3n de los usuarios al sitio web.<\/li>\n<\/ul>\n<h3>6. Enlaces a terceros<\/h3>\n<p>En el supuesto de que el sitio web incluya enlaces o hipervincles hacia otros lugares de Internet, ACAT no ejercer\u00e1 ning\u00fan tipo de control sobre estos lugares y contenidos. En ning\u00fan caso ACAT asumir\u00e1 responsabilidad por los contenidos de un enlace perteneciente a un sitio web ajeno, ni garantizar\u00e1 la disponibilidad t\u00e9cnica, calidad, fiabilidad, exactitud, amplitud, veracidad, validez y constitucionalidad de cualquier material o informaci\u00f3n contenida en estos hipervincles u otros lugares de Internet. <\/p>\n<h3>7. Protecci\u00f3n de datos personales<\/h3>\n<p>El tratamiento de los datos personales de las personas usuarias se rige por nuestra <strong>Pol\u00edtica de privacidad<\/strong>, disponible en este mismo sitio web.<\/p>\n<h3>8. Uso de cookies<\/h3>\n<p>Este sitio web puede utilizar cookies y\/o tecnolog\u00edas similares. Para mayor informaci\u00f3n sobre el uso de cookies, consulta la <strong>Pol\u00edtica de cookies<\/strong> disponible en este sitio web. <\/p>\n<h3>9. Derecho de exclusi\u00f3n<\/h3>\n<p>ACAT se reserva el derecho a denegar o retirar el acceso al sitio web y\/o a los servicios ofrecidos, sin necesidad de preaviso, a aquellos usuarios que incumplan este Aviso legal.<\/p>\n<h3>10. Legislaci\u00f3n aplicable y jurisdicci\u00f3n<\/h3>\n<p>El presente Aviso legal se rige en todos y cada uno de sus extremos por la legislaci\u00f3n espa\u00f1ola. En caso de controversia o conflicto derivado del acceso o uso del sitio web, las partes se someter\u00e1n a los juzgados y tribunales que resulten competentes de acuerdo con la normativa aplicable. <\/p>\n<p><strong>Fecha de \u00faltima actualizaci\u00f3n:<\/strong> 11\/02\/2026<\/p>\t\t\t\t\t\t\t\t<\/div>\n\t\t\t\t\t<\/div>\n\t\t\t\t<\/div>\n\t\t\t\t<\/div>\n\t\t","protected":false},"excerpt":{"rendered":"<p>Home 1. Datos identificativos En cumplimiento del deber de informaci\u00f3n establecido a la Ley 34\/2002, de 11 de julio, de servicios de la sociedad de la informaci\u00f3n y de e-commerce (LSSICE), se informa que el presente sitio web es titularidad de: Asociaci\u00f3n Catalana de An\u00e1lisis Transaccional (ACAT)NIF: G61836565Direcci\u00f3n C\/ Mallorca, 339 Despatx 1, 08037 BarcelonaTel\u00e9fono: [&hellip;]<\/p>\n","protected":false},"author":1,"featured_media":0,"parent":0,"menu_order":0,"comment_status":"closed","ping_status":"closed","template":"","meta":{"footnotes":""},"class_list":["post-881","page","type-page","status-publish","hentry"],"yoast_head":"<!-- This site is optimized with the Yoast SEO plugin v27.3 - https:\/\/yoast.com\/product\/yoast-seo-wordpress\/ -->\n<title>Aviso legal - ACAT<\/title>\n<meta name=\"robots\" content=\"index, follow, max-snippet:-1, max-image-preview:large, max-video-preview:-1\" \/>\n<link rel=\"canonical\" href=\"https:\/\/www.acat.cat\/es\/aviso-legal\/\" \/>\n<meta property=\"og:locale\" content=\"es_ES\" \/>\n<meta property=\"og:type\" content=\"article\" \/>\n<meta property=\"og:title\" content=\"Aviso legal - ACAT\" \/>\n<meta property=\"og:description\" content=\"Home 1. Datos identificativos En cumplimiento del deber de informaci\u00f3n establecido a la Ley 34\/2002, de 11 de julio, de servicios de la sociedad de la informaci\u00f3n y de e-commerce (LSSICE), se informa que el presente sitio web es titularidad de: Asociaci\u00f3n Catalana de An\u00e1lisis Transaccional (ACAT)NIF: G61836565Direcci\u00f3n C\/ Mallorca, 339 Despatx 1, 08037 BarcelonaTel\u00e9fono: [&hellip;]\" \/>\n<meta property=\"og:url\" content=\"https:\/\/www.acat.cat\/es\/aviso-legal\/\" \/>\n<meta property=\"og:site_name\" content=\"ACAT\" \/>\n<meta property=\"article:modified_time\" content=\"2026-03-18T11:49:01+00:00\" \/>\n<meta name=\"twitter:card\" content=\"summary_large_image\" \/>\n<meta name=\"twitter:label1\" content=\"Tiempo de lectura\" \/>\n\t<meta name=\"twitter:data1\" content=\"4 minutos\" \/>\n<script type=\"application\/ld+json\" class=\"yoast-schema-graph\">{\"@context\":\"https:\\\/\\\/schema.org\",\"@graph\":[{\"@type\":\"WebPage\",\"@id\":\"https:\\\/\\\/www.acat.cat\\\/es\\\/aviso-legal\\\/\",\"url\":\"https:\\\/\\\/www.acat.cat\\\/es\\\/aviso-legal\\\/\",\"name\":\"Aviso legal - ACAT\",\"isPartOf\":{\"@id\":\"https:\\\/\\\/www.acat.cat\\\/es\\\/#website\"},\"datePublished\":\"2026-02-11T18:13:58+00:00\",\"dateModified\":\"2026-03-18T11:49:01+00:00\",\"breadcrumb\":{\"@id\":\"https:\\\/\\\/www.acat.cat\\\/es\\\/aviso-legal\\\/#breadcrumb\"},\"inLanguage\":\"es\",\"potentialAction\":[{\"@type\":\"ReadAction\",\"target\":[\"https:\\\/\\\/www.acat.cat\\\/es\\\/aviso-legal\\\/\"]}]},{\"@type\":\"BreadcrumbList\",\"@id\":\"https:\\\/\\\/www.acat.cat\\\/es\\\/aviso-legal\\\/#breadcrumb\",\"itemListElement\":[{\"@type\":\"ListItem\",\"position\":1,\"name\":\"Portada\",\"item\":\"https:\\\/\\\/www.acat.cat\\\/es\\\/inicio\\\/\"},{\"@type\":\"ListItem\",\"position\":2,\"name\":\"Aviso legal\"}]},{\"@type\":\"WebSite\",\"@id\":\"https:\\\/\\\/www.acat.cat\\\/es\\\/#website\",\"url\":\"https:\\\/\\\/www.acat.cat\\\/es\\\/\",\"name\":\"ACAT\",\"description\":\"Associaci\u00f3 Catalana d&#039;An\u00e0lisi Transaccional\",\"publisher\":{\"@id\":\"https:\\\/\\\/www.acat.cat\\\/es\\\/#organization\"},\"potentialAction\":[{\"@type\":\"SearchAction\",\"target\":{\"@type\":\"EntryPoint\",\"urlTemplate\":\"https:\\\/\\\/www.acat.cat\\\/es\\\/?s={search_term_string}\"},\"query-input\":{\"@type\":\"PropertyValueSpecification\",\"valueRequired\":true,\"valueName\":\"search_term_string\"}}],\"inLanguage\":\"es\"},{\"@type\":\"Organization\",\"@id\":\"https:\\\/\\\/www.acat.cat\\\/es\\\/#organization\",\"name\":\"ACAT\",\"url\":\"https:\\\/\\\/www.acat.cat\\\/es\\\/\",\"logo\":{\"@type\":\"ImageObject\",\"inLanguage\":\"es\",\"@id\":\"https:\\\/\\\/www.acat.cat\\\/es\\\/#\\\/schema\\\/logo\\\/image\\\/\",\"url\":\"https:\\\/\\\/www.acat.cat\\\/wp-content\\\/uploads\\\/2025\\\/12\\\/Logo-ACAT-Final-horizontal-scaled.png\",\"contentUrl\":\"https:\\\/\\\/www.acat.cat\\\/wp-content\\\/uploads\\\/2025\\\/12\\\/Logo-ACAT-Final-horizontal-scaled.png\",\"width\":2560,\"height\":639,\"caption\":\"ACAT\"},\"image\":{\"@id\":\"https:\\\/\\\/www.acat.cat\\\/es\\\/#\\\/schema\\\/logo\\\/image\\\/\"}}]}<\/script>\n<!-- \/ Yoast SEO plugin. -->","yoast_head_json":{"title":"Aviso legal - ACAT","robots":{"index":"index","follow":"follow","max-snippet":"max-snippet:-1","max-image-preview":"max-image-preview:large","max-video-preview":"max-video-preview:-1"},"canonical":"https:\/\/www.acat.cat\/es\/aviso-legal\/","og_locale":"es_ES","og_type":"article","og_title":"Aviso legal - ACAT","og_description":"Home 1. Datos identificativos En cumplimiento del deber de informaci\u00f3n establecido a la Ley 34\/2002, de 11 de julio, de servicios de la sociedad de la informaci\u00f3n y de e-commerce (LSSICE), se informa que el presente sitio web es titularidad de: Asociaci\u00f3n Catalana de An\u00e1lisis Transaccional (ACAT)NIF: G61836565Direcci\u00f3n C\/ Mallorca, 339 Despatx 1, 08037 BarcelonaTel\u00e9fono: [&hellip;]","og_url":"https:\/\/www.acat.cat\/es\/aviso-legal\/","og_site_name":"ACAT","article_modified_time":"2026-03-18T11:49:01+00:00","twitter_card":"summary_large_image","twitter_misc":{"Tiempo de lectura":"4 minutos"},"schema":{"@context":"https:\/\/schema.org","@graph":[{"@type":"WebPage","@id":"https:\/\/www.acat.cat\/es\/aviso-legal\/","url":"https:\/\/www.acat.cat\/es\/aviso-legal\/","name":"Aviso legal - ACAT","isPartOf":{"@id":"https:\/\/www.acat.cat\/es\/#website"},"datePublished":"2026-02-11T18:13:58+00:00","dateModified":"2026-03-18T11:49:01+00:00","breadcrumb":{"@id":"https:\/\/www.acat.cat\/es\/aviso-legal\/#breadcrumb"},"inLanguage":"es","potentialAction":[{"@type":"ReadAction","target":["https:\/\/www.acat.cat\/es\/aviso-legal\/"]}]},{"@type":"BreadcrumbList","@id":"https:\/\/www.acat.cat\/es\/aviso-legal\/#breadcrumb","itemListElement":[{"@type":"ListItem","position":1,"name":"Portada","item":"https:\/\/www.acat.cat\/es\/inicio\/"},{"@type":"ListItem","position":2,"name":"Aviso legal"}]},{"@type":"WebSite","@id":"https:\/\/www.acat.cat\/es\/#website","url":"https:\/\/www.acat.cat\/es\/","name":"ACAT","description":"Associaci\u00f3 Catalana d&#039;An\u00e0lisi Transaccional","publisher":{"@id":"https:\/\/www.acat.cat\/es\/#organization"},"potentialAction":[{"@type":"SearchAction","target":{"@type":"EntryPoint","urlTemplate":"https:\/\/www.acat.cat\/es\/?s={search_term_string}"},"query-input":{"@type":"PropertyValueSpecification","valueRequired":true,"valueName":"search_term_string"}}],"inLanguage":"es"},{"@type":"Organization","@id":"https:\/\/www.acat.cat\/es\/#organization","name":"ACAT","url":"https:\/\/www.acat.cat\/es\/","logo":{"@type":"ImageObject","inLanguage":"es","@id":"https:\/\/www.acat.cat\/es\/#\/schema\/logo\/image\/","url":"https:\/\/www.acat.cat\/wp-content\/uploads\/2025\/12\/Logo-ACAT-Final-horizontal-scaled.png","contentUrl":"https:\/\/www.acat.cat\/wp-content\/uploads\/2025\/12\/Logo-ACAT-Final-horizontal-scaled.png","width":2560,"height":639,"caption":"ACAT"},"image":{"@id":"https:\/\/www.acat.cat\/es\/#\/schema\/logo\/image\/"}}]}},"_links":{"self":[{"href":"https:\/\/www.acat.cat\/es\/wp-json\/wp\/v2\/pages\/881","targetHints":{"allow":["GET"]}}],"collection":[{"href":"https:\/\/www.acat.cat\/es\/wp-json\/wp\/v2\/pages"}],"about":[{"href":"https:\/\/www.acat.cat\/es\/wp-json\/wp\/v2\/types\/page"}],"author":[{"embeddable":true,"href":"https:\/\/www.acat.cat\/es\/wp-json\/wp\/v2\/users\/1"}],"replies":[{"embeddable":true,"href":"https:\/\/www.acat.cat\/es\/wp-json\/wp\/v2\/comments?post=881"}],"version-history":[{"count":0,"href":"https:\/\/www.acat.cat\/es\/wp-json\/wp\/v2\/pages\/881\/revisions"}],"wp:attachment":[{"href":"https:\/\/www.acat.cat\/es\/wp-json\/wp\/v2\/media?parent=881"}],"curies":[{"name":"wp","href":"https:\/\/api.w.org\/{rel}","templated":true}]}}